{"id":1660,"date":"2026-03-10T16:47:56","date_gmt":"2026-03-10T19:47:56","guid":{"rendered":"https:\/\/gpesupe.org\/?page_id=1660"},"modified":"2026-03-12T09:14:55","modified_gmt":"2026-03-12T12:14:55","slug":"formularios","status":"publish","type":"page","link":"https:\/\/gpesupe.org\/en\/formularios\/","title":{"rendered":"Formul\u00e1rios"},"content":{"rendered":"<div data-elementor-type=\"wp-page\" data-elementor-id=\"1660\" class=\"elementor elementor-1660\" data-elementor-post-type=\"page\">\n\t\t\t\t<div class=\"elementor-element elementor-element-9c684c9 e-flex e-con-boxed e-con e-parent\" data-id=\"9c684c9\" data-element_type=\"container\" data-e-type=\"container\">\n\t\t\t\t\t<div class=\"e-con-inner\">\n\t\t\t\t<div class=\"elementor-element elementor-element-b048042 elementor-widget elementor-widget-heading\" data-id=\"b048042\" data-element_type=\"widget\" data-e-type=\"widget\" data-widget_type=\"heading.default\">\n\t\t\t\t\t<h2 class=\"elementor-heading-title elementor-size-default\">Portal de Submiss\u00f5es<\/h2>\t\t\t\t<\/div>\n\t\t\t\t<div class=\"elementor-element elementor-element-877806f e-n-tabs-mobile elementor-widget elementor-widget-n-tabs\" data-id=\"877806f\" data-element_type=\"widget\" data-e-type=\"widget\" data-settings=\"{&quot;tabs_justify_horizontal&quot;:&quot;center&quot;,&quot;horizontal_scroll&quot;:&quot;enable&quot;}\" data-widget_type=\"nested-tabs.default\">\n\t\t\t\t\t\t\t<div class=\"e-n-tabs\" data-widget-number=\"142049391\" aria-label=\"Abas. Abra itens com &quot;Enter&quot; ou &quot;Espa\u00e7o&quot;, feche com &quot;Escape&quot; e navegue usando as teclas de &quot;Seta&quot;.\">\n\t\t\t<div class=\"e-n-tabs-heading\" role=\"tablist\">\n\t\t\t\t\t<button id=\"e-n-tab-title-1420493911\" data-tab-title-id=\"e-n-tab-title-1420493911\" class=\"e-n-tab-title\" aria-selected=\"true\" data-tab-index=\"1\" role=\"tab\" tabindex=\"0\" aria-controls=\"e-n-tab-content-1420493911\" style=\"--n-tabs-title-order: 1;\">\n\t\t\t\t\t\t<span class=\"e-n-tab-title-text\">\n\t\t\t\tDownloads\t\t\t<\/span>\n\t\t<\/button>\n\t\t\t\t<button id=\"e-n-tab-title-1420493912\" data-tab-title-id=\"e-n-tab-title-1420493912\" class=\"e-n-tab-title\" aria-selected=\"false\" data-tab-index=\"2\" role=\"tab\" tabindex=\"-1\" aria-controls=\"e-n-tab-content-1420493912\" style=\"--n-tabs-title-order: 2;\">\n\t\t\t\t\t\t<span class=\"e-n-tab-title-text\">\n\t\t\t\tPublica\u00e7\u00f5es\t\t\t<\/span>\n\t\t<\/button>\n\t\t\t\t<button id=\"e-n-tab-title-1420493913\" data-tab-title-id=\"e-n-tab-title-1420493913\" class=\"e-n-tab-title\" aria-selected=\"false\" data-tab-index=\"3\" role=\"tab\" tabindex=\"-1\" aria-controls=\"e-n-tab-content-1420493913\" style=\"--n-tabs-title-order: 3;\">\n\t\t\t\t\t\t<span class=\"e-n-tab-title-text\">\n\t\t\t\tEventos\t\t\t<\/span>\n\t\t<\/button>\n\t\t\t\t<button id=\"e-n-tab-title-1420493914\" data-tab-title-id=\"e-n-tab-title-1420493914\" class=\"e-n-tab-title\" aria-selected=\"false\" data-tab-index=\"4\" role=\"tab\" tabindex=\"-1\" aria-controls=\"e-n-tab-content-1420493914\" style=\"--n-tabs-title-order: 4;\">\n\t\t\t\t\t\t<span class=\"e-n-tab-title-text\">\n\t\t\t\tEquipe\t\t\t<\/span>\n\t\t<\/button>\n\t\t\t\t\t<\/div>\n\t\t\t<div class=\"e-n-tabs-content\">\n\t\t\t\t<div id=\"e-n-tab-content-1420493911\" role=\"tabpanel\" aria-labelledby=\"e-n-tab-title-1420493911\" data-tab-index=\"1\" style=\"--n-tabs-title-order: 1;\" class=\"e-active elementor-element elementor-element-37be200 e-con-full e-flex e-con e-child\" data-id=\"37be200\" data-element_type=\"container\" data-e-type=\"container\">\n\t\t\t\t<div class=\"elementor-element elementor-element-f94a216 elementor-widget elementor-widget-shortcode\" data-id=\"f94a216\" data-element_type=\"widget\" data-e-type=\"widget\" data-widget_type=\"shortcode.default\">\n\t\t\t\t\t\t\t<div class=\"elementor-shortcode\"><div class=\"jet-form-block\"data-is-block=\"jet-engine\/booking-form\"><form  class=\"jet-form layout-row submit-type-reload\" action=\"\/en\/wp-json\/wp\/v2\/pages\/1660?jet_engine_action=book&#038;nocache=1777645792\" method=\"POST\" data-form-id=\"1658\" data-trp-original-action=\"\/en\/wp-json\/wp\/v2\/pages\/1660?jet_engine_action=book&#038;nocache=1777645792\"><div class=\"jet-form-col__end content-fullwidth\"><input class=\"jet-form__field hidden-field\" type=\"hidden\" name=\"_jet_engine_booking_form_id\" value=\"1658\" data-field-name=\"_jet_engine_booking_form_id\"><\/div><div class=\"jet-form-col__end content-fullwidth\"><input class=\"jet-form__field hidden-field\" type=\"hidden\" name=\"_jet_engine_refer\" value=\"https:\/\/gpesupe.org\/en\/wp-json\/wp\/v2\/pages\/1660\" data-field-name=\"_jet_engine_refer\"><\/div><div  class=\"jet-form-row jet-form-row--first-visible\"><div class=\"jet-form-col jet-form-col-12  field-type-text  jet-form-field-container\" data-field=\"Titulo\" data-conditional=\"false\"><div class=\"jet-form-col__start\"><div class=\"jet-form__label\">\n\t<span class=\"jet-form__label-text\" >Titulo<span class=\"jet-form__required\">*<\/span><\/span>\n\t<\/div><\/div>\n<div class=\"jet-form-col__end\"><input class=\"jet-form__field text-field\" value=\"\" required=\"required\" name=\"Titulo\" id=\"Titulo\" type=\"text\" data-field-name=\"Titulo\"><\/div><\/div><\/div><div  class=\"jet-form-row\"><div class=\"jet-form-col jet-form-col-12  field-type-select  jet-form-field-container\" data-field=\"tipo_arquivo\" data-conditional=\"false\"><div class=\"jet-form-col__start\"><div class=\"jet-form__label\">\n\t<span class=\"jet-form__label-text\" >Tipo de arquivo:<span class=\"jet-form__required\">*<\/span><\/span>\n\t<\/div><\/div>\n<div class=\"jet-form-col__end\"><select  required=\"required\" name=\"tipo_arquivo\" data-field-name=\"tipo_arquivo\" id=\"tipo_arquivo\" data-default-val=\"\" class=\"jet-form__field select-field\"><option value=\"15\" >Dissemina\u00e7\u00e3o Cient\u00edfica e Institucional<\/option><option value=\"13\" >Instrumentos de Coleta\/Question\u00e1rios<\/option><option value=\"14\" >Manuais e Protocolos de Campo<\/option><option value=\"16\" >Projetos de Pesquisa<\/option><\/select><\/div><\/div><\/div><div  class=\"jet-form-row\"><div class=\"jet-form-col jet-form-col-12  field-type-media  jet-form-field-container\" data-field=\"arquivo\" data-conditional=\"false\"><div class=\"jet-form-col__end content-fullwidth\"><div class=\"jet-engine-file-upload\">\n\t<div class=\"jet-engine-file-upload__content\">\n\t\t<div class=\"jet-engine-file-upload__loader\"><svg xmlns=\"http:\/\/www.w3.org\/2000\/svg\" width=\"38\" height=\"38\" viewbox=\"0 0 38 38\" stroke=\"#fff\"><g fill=\"none\" fill-rule=\"evenodd\"><g transform=\"translate(1 1)\" stroke-width=\"2\"><circle stroke-opacity=\".5\" cx=\"18\" cy=\"18\" r=\"18\"\/><path d=\"M36 18c0-9.94-8.06-18-18-18\" transform=\"rotate(137.826 18 18)\"><animatetransform attributename=\"transform\" type=\"rotate\" from=\"0 18 18\" to=\"360 18 18\" dur=\"1s\" repeatcount=\"indefinite\"\/><\/path><\/g><\/g><\/svg><\/div>\t\t<div class=\"jet-engine-file-upload__files\"  data-args=\"{&quot;max_files&quot;:1,&quot;insert_attachment&quot;:false,&quot;value_format&quot;:&quot;url&quot;}\"><\/div>\n\t<\/div>\n\t<div class=\"jet-engine-file-upload__fields\">\n\t\t<input class=\"jet-form__field jet-engine-file-upload__value\" type=\"hidden\" name=\"arquivo\" data-field-name=\"arquivo\" value=\"\" required=\"required\">\n\t\t<input class=\"jet-form__field file-field jet-engine-file-upload__input\" name=\"arquivo_input\" type=\"file\" data-form_id=\"1658\" data-field=\"arquivo\" id=\"arquivo\" data-max_size=\"2147483648\">\n\t<\/div>\n\t<div class=\"jet-engine-file-upload__message\"><small>Maximum file size: 2 GB<\/small><\/div>\n\t<div class=\"jet-engine-file-upload__errors is-hidden\"><\/div>\n<\/div><\/div><\/div><\/div><div  class=\"jet-form-row jet-form-row--submit\"><div class=\"jet-form-col jet-form-col-12  field-type-submit  jet-form-field-container\" data-field=\"Submit\" data-conditional=\"false\"><div class=\"jet-form-col__end content-fullwidth\"><div class=\"jet-form__submit-wrap\">\n\t\t<button class=\"jet-form__submit submit-type-reload\" type=\"submit\">Submeter<\/button>\n<\/div><\/div><\/div><\/div><div class=\"jet-form-col__end content-fullwidth\"><input class=\"jet-form__field hidden-field\" type=\"hidden\" name=\"_jet_engine_nonce\" value=\"9811b48b98\" data-field-name=\"_jet_engine_nonce\"><\/div><input type=\"hidden\" name=\"trp-form-language\" value=\"en\"\/><\/form><\/div><\/div>\n\t\t\t\t\t\t<\/div>\n\t\t\t\t<\/div>\n\t\t<div id=\"e-n-tab-content-1420493912\" role=\"tabpanel\" aria-labelledby=\"e-n-tab-title-1420493912\" data-tab-index=\"2\" style=\"--n-tabs-title-order: 2;\" class=\"elementor-element elementor-element-3784c5a e-con-full e-flex e-con e-child\" data-id=\"3784c5a\" data-element_type=\"container\" data-e-type=\"container\">\n\t\t\t\t<div class=\"elementor-element elementor-element-3a0de1c elementor-widget elementor-widget-shortcode\" data-id=\"3a0de1c\" data-element_type=\"widget\" data-e-type=\"widget\" data-widget_type=\"shortcode.default\">\n\t\t\t\t\t\t\t<div class=\"elementor-shortcode\"><div class=\"jet-form-block\"data-is-block=\"jet-engine\/booking-form\"><form  class=\"jet-form layout-row submit-type-reload\" action=\"\/en\/wp-json\/wp\/v2\/pages\/1660?jet_engine_action=book&#038;nocache=1777645792\" method=\"POST\" data-form-id=\"1705\" data-trp-original-action=\"\/en\/wp-json\/wp\/v2\/pages\/1660?jet_engine_action=book&#038;nocache=1777645792\"><div class=\"jet-form-col__end content-fullwidth\"><input class=\"jet-form__field hidden-field\" type=\"hidden\" name=\"_jet_engine_booking_form_id\" value=\"1705\" data-field-name=\"_jet_engine_booking_form_id\"><\/div><div class=\"jet-form-col__end content-fullwidth\"><input class=\"jet-form__field hidden-field\" type=\"hidden\" name=\"_jet_engine_refer\" value=\"https:\/\/gpesupe.org\/en\/wp-json\/wp\/v2\/pages\/1660\" data-field-name=\"_jet_engine_refer\"><\/div><div  class=\"jet-form-row jet-form-row--first-visible\"><div class=\"jet-form-col jet-form-col-12  field-type-text  jet-form-field-container\" data-field=\"titutlo\" data-conditional=\"false\"><div class=\"jet-form-col__start\"><div class=\"jet-form__label\">\n\t<span class=\"jet-form__label-text\" >Titulo<span class=\"jet-form__required\">*<\/span><\/span>\n\t<\/div><\/div>\n<div class=\"jet-form-col__end\"><input class=\"jet-form__field text-field\" value=\"\" required=\"required\" name=\"titutlo\" id=\"titutlo\" type=\"text\" data-field-name=\"titutlo\"><\/div><\/div><\/div><div  class=\"jet-form-row\"><div class=\"jet-form-col jet-form-col-12  field-type-textarea  jet-form-field-container\" data-field=\"resumo\" data-conditional=\"false\"><div class=\"jet-form-col__start\"><div class=\"jet-form__label\">\n\t<span class=\"jet-form__label-text\" >Resumo<span class=\"jet-form__required\">*<\/span><\/span>\n\t<\/div><\/div>\n<div class=\"jet-form-col__end\"><textarea class=\"jet-form__field textarea-field\" placeholder=\"Resumo: Palavras-chave:\" required=\"required\" name=\"resumo\" data-field-name=\"resumo\" id=\"resumo\"><\/textarea><\/div><\/div><\/div><div  class=\"jet-form-row\"><div class=\"jet-form-col jet-form-col-12  field-type-select  jet-form-field-container\" data-field=\"tipo_de_publicacao\" data-conditional=\"false\"><div class=\"jet-form-col__start\"><div class=\"jet-form__label\">\n\t<span class=\"jet-form__label-text\" >Tipo de Publica\u00e7\u00e3o<span class=\"jet-form__required\">*<\/span><\/span>\n\t<\/div><\/div>\n<div class=\"jet-form-col__end\"><select  required=\"required\" name=\"tipo_de_publicacao\" data-field-name=\"tipo_de_publicacao\" id=\"tipo_de_publicacao\" data-default-val=\"\" class=\"jet-form__field select-field\"><option value=\"34\" >Artigo<\/option><option value=\"32\" >Disserta\u00e7\u00e3o<\/option><option value=\"35\" >Resumo em Anais<\/option><option value=\"36\" >Resumo em Eventos<\/option><option value=\"33\" >TCC<\/option><option value=\"31\" >Tese<\/option><\/select><\/div><\/div><\/div><div  class=\"jet-form-row\"><div class=\"jet-form-col jet-form-col-12  field-type-text  jet-form-field-container\" data-field=\"autor_principal\" data-conditional=\"false\"><div class=\"jet-form-col__start\"><div class=\"jet-form__label\">\n\t<span class=\"jet-form__label-text\" >Autor Principal<span class=\"jet-form__required\">*<\/span><\/span>\n\t<\/div><\/div>\n<div class=\"jet-form-col__end\"><input class=\"jet-form__field text-field\" placeholder=\"Edil\u00e2nea Nunes M\u00e9lo\" value=\"\" required=\"required\" name=\"autor_principal\" id=\"autor_principal\" type=\"text\" data-field-name=\"autor_principal\"><\/div><\/div><\/div><div  class=\"jet-form-row\"><div class=\"jet-form-col jet-form-col-12  field-type-text  jet-form-field-container\" data-field=\"autores\" data-conditional=\"false\"><div class=\"jet-form-col__start\"><div class=\"jet-form__label\">\n\t<span class=\"jet-form__label-text\" >Autores<span class=\"jet-form__required\">*<\/span><\/span>\n\t<\/div><\/div>\n<div class=\"jet-form-col__end\"><input class=\"jet-form__field text-field\" placeholder=\"M\u00e9lo EN, Barros M, Hardman C, Siqueira M, Wanderley J\u00fanior R, Oliveira E\" required=\"required\" name=\"autores\" id=\"autores\" type=\"text\" data-field-name=\"autores\"><\/div><\/div><\/div><div  class=\"jet-form-row\"><div class=\"jet-form-col jet-form-col-12  field-type-media  jet-form-field-container\" data-field=\"Documento para Download\" data-conditional=\"false\"><div class=\"jet-form-col__start\"><div class=\"jet-form__label\">\n\t<span class=\"jet-form__label-text\" >documento_para_download<span class=\"jet-form__required\">*<\/span><\/span>\n\t<\/div><\/div>\n<div class=\"jet-form-col__end\"><div class=\"jet-engine-file-upload\">\n\t<div class=\"jet-engine-file-upload__content\">\n\t\t<div class=\"jet-engine-file-upload__loader\"><svg xmlns=\"http:\/\/www.w3.org\/2000\/svg\" width=\"38\" height=\"38\" viewbox=\"0 0 38 38\" stroke=\"#fff\"><g fill=\"none\" fill-rule=\"evenodd\"><g transform=\"translate(1 1)\" stroke-width=\"2\"><circle stroke-opacity=\".5\" cx=\"18\" cy=\"18\" r=\"18\"\/><path d=\"M36 18c0-9.94-8.06-18-18-18\" transform=\"rotate(137.826 18 18)\"><animatetransform attributename=\"transform\" type=\"rotate\" from=\"0 18 18\" to=\"360 18 18\" dur=\"1s\" repeatcount=\"indefinite\"\/><\/path><\/g><\/g><\/svg><\/div>\t\t<div class=\"jet-engine-file-upload__files\"  data-args=\"{&quot;max_files&quot;:1,&quot;insert_attachment&quot;:false,&quot;value_format&quot;:&quot;url&quot;}\"><\/div>\n\t<\/div>\n\t<div class=\"jet-engine-file-upload__fields\">\n\t\t<input class=\"jet-form__field jet-engine-file-upload__value\" type=\"hidden\" name=\"Documento para Download\" data-field-name=\"Documento para Download\" value=\"\" required=\"required\">\n\t\t<input class=\"jet-form__field file-field jet-engine-file-upload__input\" name=\"Documento para Download_input\" type=\"file\" data-form_id=\"1705\" data-field=\"Documento para Download\" id=\"Documento para Download\" data-max_size=\"10485760\">\n\t<\/div>\n\t<div class=\"jet-engine-file-upload__message\"><small>Maximum file size: 10 MB<\/small><\/div>\n\t<div class=\"jet-engine-file-upload__errors is-hidden\"><\/div>\n<\/div><\/div><\/div><\/div><div  class=\"jet-form-row jet-form-row--submit\"><div class=\"jet-form-col jet-form-col-12  field-type-submit  jet-form-field-container\" data-field=\"Submit\" data-conditional=\"false\"><div class=\"jet-form-col__end content-fullwidth\"><div class=\"jet-form__submit-wrap\">\n\t\t<button class=\"jet-form__submit submit-type-reload\" type=\"submit\">Submeter<\/button>\n<\/div><\/div><\/div><\/div><div class=\"jet-form-col__end content-fullwidth\"><input class=\"jet-form__field hidden-field\" type=\"hidden\" name=\"_jet_engine_nonce\" value=\"9811b48b98\" data-field-name=\"_jet_engine_nonce\"><\/div><input type=\"hidden\" name=\"trp-form-language\" value=\"en\"\/><\/form><\/div><\/div>\n\t\t\t\t\t\t<\/div>\n\t\t\t\t<\/div>\n\t\t<div id=\"e-n-tab-content-1420493913\" role=\"tabpanel\" aria-labelledby=\"e-n-tab-title-1420493913\" data-tab-index=\"3\" style=\"--n-tabs-title-order: 3;\" class=\"elementor-element elementor-element-22ce2f1 e-con-full e-flex e-con e-child\" data-id=\"22ce2f1\" data-element_type=\"container\" data-e-type=\"container\">\n\t\t\t\t<\/div>\n\t\t<div id=\"e-n-tab-content-1420493914\" role=\"tabpanel\" aria-labelledby=\"e-n-tab-title-1420493914\" data-tab-index=\"4\" style=\"--n-tabs-title-order: 4;\" class=\"elementor-element elementor-element-702895d e-flex e-con-boxed e-con e-child\" data-id=\"702895d\" data-element_type=\"container\" data-e-type=\"container\">\n\t\t\t\t\t<div class=\"e-con-inner\">\n\t\t\t\t\t<\/div>\n\t\t\t\t<\/div>\n\t\t\t\t\t<\/div>\n\t\t<\/div>\n\t\t\t\t\t\t<\/div>\n\t\t\t\t\t<\/div>\n\t\t\t\t<\/div>\n\t\t\t\t<\/div>\n\t\t\n    <div class=\"xs_social_share_widget xs_share_url after_content \t\tmain_content  wslu-style-1 wslu-share-box-shaped wslu-fill-colored wslu-none wslu-share-horizontal wslu-theme-font-no wslu-main_content\">\n\n\t\t\n        <ul>\n\t\t\t        <\/ul>\n    <\/div>","protected":false},"excerpt":{"rendered":"<p>Portal de Submiss\u00f5es Downloads Publica\u00e7\u00f5es Eventos Equipe Titulo* Tipo de arquivo:* Dissemina\u00e7\u00e3o Cient\u00edfica e InstitucionalInstrumentos de Coleta\/Question\u00e1riosManuais e Protocolos de CampoProjetos de Pesquisa Maximum file size: 10 MB Submeter Titulo* Resumo* Tipo de Publica\u00e7\u00e3o* Associa\u00e7\u00e3o entre o ambiente da escola de educa\u00e7\u00e3o infantil e o n\u00edvel de atividade f\u00edsica de crian\u00e7as pr\u00e9-escolaresAtividade F\u00edsica e Comportamento [&hellip;]<\/p>\n","protected":false},"author":1,"featured_media":0,"parent":0,"menu_order":0,"comment_status":"closed","ping_status":"closed","template":"elementor_header_footer","meta":{"footnotes":""},"class_list":["post-1660","page","type-page","status-publish","hentry"],"_links":{"self":[{"href":"https:\/\/gpesupe.org\/en\/wp-json\/wp\/v2\/pages\/1660","targetHints":{"allow":["GET"]}}],"collection":[{"href":"https:\/\/gpesupe.org\/en\/wp-json\/wp\/v2\/pages"}],"about":[{"href":"https:\/\/gpesupe.org\/en\/wp-json\/wp\/v2\/types\/page"}],"author":[{"embeddable":true,"href":"https:\/\/gpesupe.org\/en\/wp-json\/wp\/v2\/users\/1"}],"replies":[{"embeddable":true,"href":"https:\/\/gpesupe.org\/en\/wp-json\/wp\/v2\/comments?post=1660"}],"version-history":[{"count":63,"href":"https:\/\/gpesupe.org\/en\/wp-json\/wp\/v2\/pages\/1660\/revisions"}],"predecessor-version":[{"id":1736,"href":"https:\/\/gpesupe.org\/en\/wp-json\/wp\/v2\/pages\/1660\/revisions\/1736"}],"wp:attachment":[{"href":"https:\/\/gpesupe.org\/en\/wp-json\/wp\/v2\/media?parent=1660"}],"curies":[{"name":"wp","href":"https:\/\/api.w.org\/{rel}","templated":true}]}}