{"id":761,"date":"2025-10-13T19:31:09","date_gmt":"2025-10-13T22:31:09","guid":{"rendered":"https:\/\/gpesupe.org\/?page_id=761"},"modified":"2025-10-13T19:34:59","modified_gmt":"2025-10-13T22:34:59","slug":"publicacoes-academicas","status":"publish","type":"page","link":"https:\/\/gpesupe.org\/en\/publicacoes-academicas\/","title":{"rendered":"Publica\u00e7\u00f5es Acad\u00eamicas"},"content":{"rendered":"<div class=\"xs_social_share_widget xs_share_url after_content \t\tmain_content  wslu-style-1 wslu-share-box-shaped wslu-fill-colored wslu-none wslu-share-horizontal wslu-theme-font-no wslu-main_content\">\n\n\t\t\n        <ul>\n\t\t\t        <\/ul>\n    <\/div>","protected":false},"excerpt":{"rendered":"","protected":false},"author":1,"featured_media":0,"parent":0,"menu_order":0,"comment_status":"closed","ping_status":"closed","template":"elementor_header_footer","meta":{"footnotes":""},"class_list":["post-761","page","type-page","status-publish","hentry"],"_links":{"self":[{"href":"https:\/\/gpesupe.org\/en\/wp-json\/wp\/v2\/pages\/761","targetHints":{"allow":["GET"]}}],"collection":[{"href":"https:\/\/gpesupe.org\/en\/wp-json\/wp\/v2\/pages"}],"about":[{"href":"https:\/\/gpesupe.org\/en\/wp-json\/wp\/v2\/types\/page"}],"author":[{"embeddable":true,"href":"https:\/\/gpesupe.org\/en\/wp-json\/wp\/v2\/users\/1"}],"replies":[{"embeddable":true,"href":"https:\/\/gpesupe.org\/en\/wp-json\/wp\/v2\/comments?post=761"}],"version-history":[{"count":7,"href":"https:\/\/gpesupe.org\/en\/wp-json\/wp\/v2\/pages\/761\/revisions"}],"predecessor-version":[{"id":771,"href":"https:\/\/gpesupe.org\/en\/wp-json\/wp\/v2\/pages\/761\/revisions\/771"}],"wp:attachment":[{"href":"https:\/\/gpesupe.org\/en\/wp-json\/wp\/v2\/media?parent=761"}],"curies":[{"name":"wp","href":"https:\/\/api.w.org\/{rel}","templated":true}]}}